{"id":9,"date":"2021-03-08T08:56:03","date_gmt":"2021-03-08T08:56:03","guid":{"rendered":"http:\/\/demo.sharkthemes.com\/the-event-pro\/?page_id=9"},"modified":"2025-04-07T23:24:19","modified_gmt":"2025-04-07T21:24:19","slug":"about-us","status":"publish","type":"page","link":"https:\/\/www.davy.cirque-massy.com\/wordpress\/index.php\/about-us\/","title":{"rendered":"Le Festival"},"content":{"rendered":"\n<p>1993 est l&rsquo;ann\u00e9e de cr\u00e9ation du Festival et de sa premi\u00e8re \u00e9dition.<\/p>\n\n\n\n<p>N\u00e9 sous l&rsquo;impulsion du Maire de l&rsquo;\u00e9poque Claude GERMON il s&rsquo;est poursuivi jusqu&rsquo;\u00e0 ce jour, avec le soutien ind\u00e9fectible de Vincent DELAHAYE S\u00e9nateur et Nicolas SAMSOEN Maire de Massy.<\/p>\n\n\n\n<p>Il b\u00e9n\u00e9ficie aussi de la reconnaissance du soutien des \u00e9lus de la ville de Massy et de ses habitants.<\/p>\n\n\n\n<p>Sans oublier l&rsquo;action de l&rsquo;association organisatrice du Festival v\u00e9ritable ma\u00eetre d\u2019\u0153uvre et de ses b\u00e9n\u00e9voles au nombre de plus de 40 pour chaque \u00e9ditions.<\/p>\n","protected":false},"excerpt":{"rendered":"<p>1993 est l&rsquo;ann\u00e9e de cr\u00e9ation du Festival et de sa premi\u00e8re \u00e9dition. N\u00e9 sous l&rsquo;impulsion du Maire de l&rsquo;\u00e9poque Claude GERMON il s&rsquo;est poursuivi jusqu&rsquo;\u00e0 [&hellip;]<\/p>\n","protected":false},"author":1,"featured_media":0,"parent":0,"menu_order":0,"comment_status":"closed","ping_status":"closed","template":"","meta":{"footnotes":""},"class_list":["post-9","page","type-page","status-publish","hentry"],"_links":{"self":[{"href":"https:\/\/www.davy.cirque-massy.com\/wordpress\/index.php\/wp-json\/wp\/v2\/pages\/9","targetHints":{"allow":["GET"]}}],"collection":[{"href":"https:\/\/www.davy.cirque-massy.com\/wordpress\/index.php\/wp-json\/wp\/v2\/pages"}],"about":[{"href":"https:\/\/www.davy.cirque-massy.com\/wordpress\/index.php\/wp-json\/wp\/v2\/types\/page"}],"author":[{"embeddable":true,"href":"https:\/\/www.davy.cirque-massy.com\/wordpress\/index.php\/wp-json\/wp\/v2\/users\/1"}],"replies":[{"embeddable":true,"href":"https:\/\/www.davy.cirque-massy.com\/wordpress\/index.php\/wp-json\/wp\/v2\/comments?post=9"}],"version-history":[{"count":1,"href":"https:\/\/www.davy.cirque-massy.com\/wordpress\/index.php\/wp-json\/wp\/v2\/pages\/9\/revisions"}],"predecessor-version":[{"id":2387,"href":"https:\/\/www.davy.cirque-massy.com\/wordpress\/index.php\/wp-json\/wp\/v2\/pages\/9\/revisions\/2387"}],"wp:attachment":[{"href":"https:\/\/www.davy.cirque-massy.com\/wordpress\/index.php\/wp-json\/wp\/v2\/media?parent=9"}],"curies":[{"name":"wp","href":"https:\/\/api.w.org\/{rel}","templated":true}]}}